
{"id":457,"date":"2024-03-14T10:32:55","date_gmt":"2024-03-14T09:32:55","guid":{"rendered":"https:\/\/gummikette.rkp-marketing.at\/?page_id=457"},"modified":"2025-12-01T11:33:40","modified_gmt":"2025-12-01T09:33:40","slug":"impressum","status":"publish","type":"page","link":"https:\/\/gummikette.at\/sl\/impressum\/","title":{"rendered":"Odtis"},"content":{"rendered":"<div class=\"wp-bootstrap-blocks-row row\">\n\t\n\n<div class=\"col-12 col-md-6\">\n\t\t\t\n\n<p><strong>WBE Gummiketten Weiss GmbH<\/strong><\/p>\n\n\n\n<div class=\"addr\"><a href=\"https:\/\/maps.app.goo.gl\/3HNGSJvjrGZLU9Wu8\" target=\"_blank\">Liebochstra\u00dfe 7a<\/br>\r\n8143 Dobl<\/a><\/div>\n\n\n\n<p><\/p>\n\n\n\n<p><div class=\"tel\"><a href=\"tel:+43720578888\" title=\"+43 720 578888\" class=\"\">+43 720 578888<\/a><\/div><div class=\"mail\"><a href=\"mailto:office@weiss-wbe.com\" title=\"office@weiss-wbe.com\" class=\"\">office@weiss-wbe.com<\/a><\/div><\/p>\n\n\n\n<p><\/p>\n\n\n\n<p>\u010clanica gospodarske zbornice<br>Oddelek: Trgovina<\/p>\n\n\n\n<p>ID za prometni davek: ATU 56262939<br>Registrska \u0161tevilka podjetja: 229860f<br>Kraj pristojnosti: Okro\u017eno sodi\u0161\u010de za ZRS v Gradcu<\/p>\n\n\n\n<p>Generalni direktor: Peter Puntigam<\/p>\n\n\t<\/div>\n\n\n\n<div class=\"col-12 col-md-6\">\n\t\t\t\n\n<p><strong>Koncept, oblikovanje in izvedba<\/strong><\/p>\n\n\n\n<p><a href=\"http:\/\/www.rkp.at\/rkp-marketing\">RKP Marketing GmbH<br><\/a>Schildbach 210<br>A-8230 Hartberg<\/p>\n\n\n\n<p><strong>Naslovi slik in avtorske pravice<\/strong><\/p>\n\n\n\n<p><a href=\"http:\/\/www.rkp.at\/rkp-marketing\">RKP Marketing GmbH<\/a><\/p>\n\n\n\n<p><a href=\"http:\/\/shutterstock.com\/\">Shutterstock.com<\/a><\/p>\n\n\t<\/div>\n\n<\/div>\n\n\n\n<h3 class=\"wp-block-heading mt-4\"><strong>Izjava o omejitvi odgovornosti<\/strong><\/h3>\n\n\n\n<p><strong>1. vsebina spletne ponudbe<\/strong><\/p>\n\n\n\n<p>Avtor ne prevzema nobene odgovornosti za aktualnost, pravilnost, popolnost ali kakovost posredovanih informacij. Zahtevki iz naslova odgovornosti do avtorja v zvezi z materialno ali nematerialno \u0161kodo, povzro\u010deno z uporabo ali neuporabo zagotovljenih informacij ali z uporabo nepravilnih ali nepopolnih informacij, so v osnovi izklju\u010deni, razen \u010de obstaja dokaz o nameri ali hudi malomarnosti s strani avtorja.<\/p>\n\n\n\n<p>Vse ponudbe se lahko spremenijo in niso zavezujo\u010de. Avtor si izrecno pridr\u017euje pravico, da brez predhodnega obvestila spremeni, dopolni ali izbri\u0161e dele strani ali celotno ponudbo ali da za\u010dasno ali trajno preneha z objavo.<\/p>\n\n\n\n<p><strong>2. reference in povezave<\/strong><\/p>\n\n\n\n<p>Avtor ni odgovoren za vsebine, na katere se nana\u0161ajo ali na katere se sklicujejo njegove strani - razen \u010de je v celoti seznanjen z nezakonitimi vsebinami in bi lahko obiskovalcem svojega spletnega mesta prepre\u010dil ogled teh strani.<br>Avtor zato izrecno izjavlja, da na povezanih straneh v \u010dasu ustvarjanja povezav ni bilo nezakonite vsebine. Avtor nima nikakr\u0161nega vpliva na sedanjo in prihodnjo obliko in vsebino povezanih strani. Avtor se zato izrecno distancira od vseh vsebin vseh povezanih strani, ki so bile spremenjene po ustvarjanju povezave. Ta izjava velja za vse povezave in sklice, ki so postavljene na avtorjevi spletni strani, ter za zapise tretjih oseb v knjigah gostov, diskusijskih forumih in po\u0161tnih seznamih, ki jih je vzpostavil avtor. Odgovornost za nezakonito, nepravilno ali nepopolno vsebino in zlasti za \u0161kodo, ki je posledica uporabe ali neuporabe tak\u0161nih informacij, nosi izklju\u010dno ponudnik strani, na katero se sklicuje, in ne oseba, ki se prek povezav zgolj sklicuje na zadevno objavo.<\/p>\n\n\n\n<p><strong>3. zakonodaja o avtorskih pravicah in ozna\u010devanju<\/strong><\/p>\n\n\n\n<p>Avtor si prizadeva spo\u0161tovati avtorske pravice za grafike, zvo\u010dne dokumente, video sekvence in besedila, ki se uporabljajo v vseh publikacijah, uporabljati grafike, zvo\u010dne dokumente, video sekvence in besedila, ki jih je ustvaril sam, ali uporabljati grafike, zvo\u010dne dokumente, video sekvence in besedila brez licence.<br>Za vsa imena blagovnih znamk in blagovne znamke, ki so omenjene na spletnem mestu in so morda za\u0161\u010ditene s strani tretjih oseb, brez omejitev veljajo dolo\u010dbe veljavnega zakona o blagovnih znamkah in lastninske pravice zadevnih registriranih lastnikov. Zgolj omemba blagovne znamke ne pomeni, da ni za\u0161\u010ditena s pravicami tretjih oseb!<br>Avtorske pravice za objavljene predmete, ki jih je ustvaril avtor sam, ima izklju\u010dno avtor strani. Brez soglasja avtorja ni dovoljeno podvajanje ali uporaba predmetov, kot so diagrami, zvoki ali besedila, v drugih elektronskih ali tiskanih publikacijah.<\/p>\n\n\n\n<p><strong>4. pravna veljavnost te izjave o omejitvi odgovornosti<\/strong><\/p>\n\n\n\n<p>To izjavo o omejitvi odgovornosti je treba obravnavati kot del spletne publikacije, iz katere ste bili napoteni. \u010ce deli ali posamezni izrazi te izjave niso zakoniti ali pravilni, to dejstvo ne vpliva na vsebino ali veljavnost drugih delov.<\/p>","protected":false},"excerpt":{"rendered":"<p>Izjava o omejitvi odgovornosti 1. vsebina spletne ponudbe Avtor ne prevzema nobene odgovornosti za aktualnost, pravilnost, popolnost ali kakovost posredovanih informacij. Zahtevki iz naslova odgovornosti do avtorja v zvezi z materialno ali nematerialno \u0161kodo, nastalo zaradi uporabe ali neuporabe posredovanih informacij ali zaradi uporabe nepravilnih ali nepopolnih informacij, so v osnovi izklju\u010deni, ...<\/p>","protected":false},"author":1,"featured_media":0,"parent":0,"menu_order":0,"comment_status":"closed","ping_status":"closed","template":"","meta":{"_acf_changed":false,"footnotes":""},"class_list":["post-457","page","type-page","status-publish","hentry"],"acf":[],"_links":{"self":[{"href":"https:\/\/gummikette.at\/sl\/wp-json\/wp\/v2\/pages\/457","targetHints":{"allow":["GET"]}}],"collection":[{"href":"https:\/\/gummikette.at\/sl\/wp-json\/wp\/v2\/pages"}],"about":[{"href":"https:\/\/gummikette.at\/sl\/wp-json\/wp\/v2\/types\/page"}],"author":[{"embeddable":true,"href":"https:\/\/gummikette.at\/sl\/wp-json\/wp\/v2\/users\/1"}],"replies":[{"embeddable":true,"href":"https:\/\/gummikette.at\/sl\/wp-json\/wp\/v2\/comments?post=457"}],"version-history":[{"count":6,"href":"https:\/\/gummikette.at\/sl\/wp-json\/wp\/v2\/pages\/457\/revisions"}],"predecessor-version":[{"id":770,"href":"https:\/\/gummikette.at\/sl\/wp-json\/wp\/v2\/pages\/457\/revisions\/770"}],"wp:attachment":[{"href":"https:\/\/gummikette.at\/sl\/wp-json\/wp\/v2\/media?parent=457"}],"curies":[{"name":"wp","href":"https:\/\/api.w.org\/{rel}","templated":true}]}}