
{"id":455,"date":"2024-03-14T10:32:42","date_gmt":"2024-03-14T09:32:42","guid":{"rendered":"https:\/\/gummikette.rkp-marketing.at\/?page_id=455"},"modified":"2025-11-20T10:50:22","modified_gmt":"2025-11-20T08:50:22","slug":"agb","status":"publish","type":"page","link":"https:\/\/gummikette.at\/sl\/agb\/","title":{"rendered":"Splo\u0161ni pogoji in dolo\u010dila"},"content":{"rendered":"<p class=\"lead\"><\/p>\n\n\n\n<p><strong>1. splo\u0161ne informacije<\/strong><\/p>\n\n\n\n<p>Naslednji pogoji prodaje in dobave veljajo za vse na\u0161e dobave in storitve. Poudarjamo, da je pogodba lahko sklenjena le pod temi pogoji. Nakupni pogoji kupca nas ne zavezujejo. Vsi deli, imena, referen\u010dne \u0161tevilke, simboli in opisi so navedeni le za referen\u010dne namene. To ne pomeni, da je kateri koli navedeni del izdelek teh proizvajalcev.<\/p>\n\n\n\n<p><strong>2. nagrade<\/strong><\/p>\n\n\n\n<p><strong>a) <\/strong>Vse cene so neto cene brez DDV iz na\u0161ega skladi\u0161\u010da\/delavnice.<\/p>\n\n\n\n<p><strong>b) <\/strong>Navedene cene ne vklju\u010dujejo embala\u017ee, po\u0161iljanja in zavarovanja. \u010ce nam je naro\u010deno pakiranje, po\u0161iljanje in zavarovanje, se ti stro\u0161ki zara\u010dunajo stranki.<\/p>\n\n\n\n<p><strong>c) <\/strong>\u010ce se blago odpo\u0161lje v tretje dr\u017eave, vse carine, davke in druge javne dajatve krije kupec.<\/p>\n\n\n\n<p><strong>3. pla\u010dilni pogoji<\/strong><\/p>\n\n\n\n<p><strong>a) <\/strong>\u010ce ni druga\u010de pisno dogovorjeno, na\u0161i ra\u010duni zapadejo v pla\u010dilo ob izstavitvi ra\u010duna. Vsa pla\u010dila morajo biti opravljena brez stro\u0161kov in odbitkov.<\/p>\n\n\n\n<p><strong>b) <\/strong>Predstavniki niso poobla\u0161\u010deni za pobiranje pla\u010dil. Pla\u010dila nam lahko opravite le z u\u010dinkom.<\/p>\n\n\n\n<p><strong>c) <\/strong>Za sprejem menic je potreben poseben pisni dogovor. Menice in \u010deki se sprejemajo le na ra\u010dun pla\u010dila in ne namesto pla\u010dila.<\/p>\n\n\n\n<p><strong>d) <\/strong>\u010ce kupec odpove pogodbo, ima prodajalec pravico zahtevati nadomestilo za nastalo \u0161kodo ali desetodstotno odstopnino.<\/p>\n\n\n\n<p><strong>e) <\/strong>\u010ce je bilo dogovorjeno obro\u010dno pla\u010dilo, se zaradi nepla\u010dila enega samega obroka izgubi rok in celoten neporavnan znesek takoj zapade v pla\u010dilo. \u010ce stranka ne pla\u010da, nismo ve\u010d dol\u017eni nadaljevati z izvajanjem \u0161e neizvedenih dobav in storitev. V primeru zamude pla\u010dila so dogovorjene zamudne obresti v vi\u0161ini 6% nad ustrezno ban\u010dno obrestno mero. V primeru zamude pri pla\u010dilu se pla\u010dila najprej pobotajo s stro\u0161ki, nato z obrestmi in nazadnje z glavnico. \u010ce ima stranka ve\u010d obstoje\u010dih dol\u017eni\u0161kih obveznosti, se pla\u010dila najprej pobotajo z nezavarovanimi terjatvami in nato z najstarej\u0161imi dol\u017eni\u0161kimi obveznostmi.<\/p>\n\n\n\n<p><strong>4 Dostava in dobavni rok<\/strong><\/p>\n\n\n\n<p><strong>a) <\/strong>Izpolnitev in prenos tveganja se vedno opravita, ko blago zapusti na\u0161e skladi\u0161\u010de. Pregled blaga mora zato potekati v na\u0161em skladi\u0161\u010du.<\/p>\n\n\n\n<p><strong>b) <\/strong>V primeru, da kupec ne sprejme naro\u010dila, tveganje preide na kupca z na\u0161o izjavo o pripravljenosti za dobavo.<\/p>\n\n\n\n<p><strong>c) <\/strong>\u010ce delne storitve niso izrecno pisno izklju\u010dene, so dovoljene kadar koli.<\/p>\n\n\n\n<p><strong>d) <\/strong>Na\u010din po\u0161iljanja dolo\u010dimo mi, razen \u010de se pisno dogovorimo druga\u010de.<\/p>\n\n\n\n<p><strong>e) <\/strong>Operativne motnje, primeri vi\u0161je sile, ne glede na to, ali se pojavijo v na\u0161ih prostorih ali v prostorih na\u0161ih dobaviteljev, nas odvezujejo obveznosti dobave ali spo\u0161tovanja dogovorjenih dobavnih rokov. Po odpravi motenj smo upravi\u010deni do naknadnih dobav.<\/p>\n\n\n\n<p><strong>f) <\/strong>Vse dobave se opravijo s prevozom iz dobaviteljevega sede\u017ea na ra\u010dun, tveganje in stro\u0161ke kupca. Zavarovanje se sklene le na stro\u0161ke in izrecno pisno zahtevo naro\u010dnika.<\/p>\n\n\n\n<p><strong>g) <\/strong>Potrjeni dobavni rok ni zavezujo\u010d; od\u0161kodninski zahtevki zaradi prekora\u010ditve dobavnega roka so izklju\u010deni.<\/p>\n\n\n\n<p><strong>h) <\/strong>Prodajalec si pridr\u017euje pravico, da odstopi od pogodbe, \u010de pred dobavo izve za okoli\u0161\u010dine v kup\u010devem finan\u010dnem polo\u017eaju, zaradi katerih njegova terjatev ni ve\u010d dovolj zavarovana.<\/p>\n\n\n\n<p><strong>5 Obseg in obveznosti dobave<\/strong><\/p>\n\n\n\n<p><strong>a) <\/strong>Obseg obveznosti dobave se dolo\u010di z naro\u010dilom stranke.<\/p>\n\n\n\n<p><strong>b) <\/strong>\u010ce na\u0161a potrditev naro\u010dila odstopa od naro\u010dila stranke, se \u0161teje, da je na\u0161a potrditev naro\u010dila sprejeta, razen \u010de stranka pisno ugovarja isti dan, ko prejme na\u0161o potrditev naro\u010dila. Spremembe naro\u010dila s strani stranke so veljavne le, \u010de jih pisno potrdimo.<\/p>\n\n\n\n<p><strong>c) <\/strong>Vse na\u0161e ponudbe so nezavezujo\u010de in se lahko spremenijo. Podatki v opisih zmogljivosti, te\u017ee in kakovosti, \u010dasa delovanja itd. so pribli\u017eni.<\/p>\n\n\n\n<p><strong>6. jamstvo\/garancija\/nadomestilo<\/strong><\/p>\n\n\n\n<p><strong>a) <\/strong>Kupec je dol\u017ean takoj pregledati blago in obvestiti o napakah. Prito\u017ebe morajo biti podane v pisni obliki, da so pravno veljavne. \u0160teje se, da je bila reklamacija vlo\u017eena pravo\u010dasno, \u010de nam je pisno posredovana v petih delovnih dneh po dostavi ali pojavu napake.<\/p>\n\n\n\n<p><strong>b) <\/strong>Stranka se ne more prito\u017eiti na celotno dobavo, \u010de so pomanjkljivi le deli dobave. Upravi\u010deni smo do naknadne dobave zavrnjenih predmetov ali do njihove zamenjave.<\/p>\n\n\n\n<p><strong>c) <\/strong>Na\u0161e jamstvo je omejeno na dopolnitev manjkajo\u010dega in izbolj\u0161anje. Kakr\u0161ni koli nadaljnji garancijski zahtevki so izklju\u010deni.<\/p>\n\n\n\n<p><strong>d) <\/strong>V primeru uveljavljanja upravi\u010denih garancijskih zahtevkov nam mora kupec zavrnjeno blago poslati na lastne stro\u0161ke in tveganje. Po priznanju napake se blago vrne stranki na njene stro\u0161ke in tveganje.<\/p>\n\n\n\n<p><strong>e) <\/strong>Poleg zakonskega jamstva ne zagotavljamo nobenega jamstva.<\/p>\n\n\n\n<p><strong>f) <\/strong>\u010ce proizvajalec zagotovi jamstvo, na stranko prenesemo jamstvene zahtevke, do katerih smo upravi\u010deni v razmerju do proizvajalca.<\/p>\n\n\n\n<p><strong>g) <\/strong>Garancija preneha veljati, \u010de je predmet nakupa spremenila tretja oseba ali \u010de so bili vgrajeni deli tretje osebe.<\/p>\n\n\n\n<p><strong>h) <\/strong>Jamstvo je izklju\u010deno za popravila in kupljene rabljene predmete.<\/p>\n\n\n\n<p><strong>i) <\/strong>V primeru nadaljnje prodaje v garancijskem roku garancija preneha veljati.<\/p>\n\n\n\n<p><strong>j) <\/strong>Stranka ne sme odstopiti terjatev v okviru garancije. Od\u0161kodninski zahtevki iz kateregakoli naslova, zlasti zahtevki za posledi\u010dno \u0161kodo ali izpad opreme, so izrecno izklju\u010deni.<\/p>\n\n\n\n<p><strong>k) <\/strong>Garancija ne velja za naravno obrabo in po\u0161kodbe zaradi malomarnosti ali nepravilnega ravnanja. Poleg tega garancija preneha veljati, \u010de kupec ne izvaja pravilno prodajal\u010devih navodil glede ravnanja s kupljenim predmetom ali jih ne da izvajati.<\/p>\n\n\n\n<p><strong>7. pridr\u017eek lastninske pravice<\/strong><\/p>\n\n\n\n<p><strong>a) <\/strong>Blago ostane na\u0161a last, dokler kupnina ni v celoti pla\u010dana ali dokler niso poravnani vsi drugi zahtevki, ki izhajajo iz poslovnega razmerja.<\/p>\n\n\n\n<p><strong>b) <\/strong>Stranka ne sme preprodajati ali dajati v najem blaga s pridr\u017ekom lastninske pravice, ga prena\u0161ati na kakr\u0161en koli drug na\u010din ali ga dajati v zavarovanje. \u010ce je dobavljeno blago namenjeno nadaljnji prodaji s strani kupca, mora kupec ob nadaljnji prodaji na nas prenesti svojo terjatev do kupca iz naslova kupnine. Mi smo poobla\u0161\u010deni, da odstopljeno terjatev iz naslova kupnine uveljavljamo neposredno pri stranki naro\u010dnika, vendar tega nismo dol\u017eni storiti. <\/p>\n\n\n\n<p><strong>c) <\/strong>Stranka ne sme zastaviti blaga, dobavljenega s pridr\u017ekom lastninske pravice. Kupec nas mora o vsakem zasegu blaga takoj in dokazljivo obvestiti. Stranka nosi stro\u0161ke postopka zasega blaga.<\/p>\n\n\n\n<p><strong>d) <\/strong>\u010ce kupec ne izpolni svojih pogodbenih obveznosti ali zamudi s pla\u010dilom, ima prodajalec pravico, da kupcu odvzame pravico do razpolaganja in uporabe dobavljenega blaga s pridr\u017ekom lastninske pravice, ne da bi se obrnil na sodi\u0161\u010de, in ga v primeru unifikacije razstavi. Kupec se zavezuje, da bo poobla\u0161\u010denim osebam prodajalca omogo\u010dil prost dostop do predmeta nakupa, ne glede na to, kje se nahaja.<\/p>\n\n\n\n<p><strong>8 Izbira prava in krajevna pristojnost<\/strong><\/p>\n\n\n\n<p>Uporablja se avstrijsko pravo. Kraj pristojnosti: Graz-Umgebung<\/p>\n\n\n\n<p><\/p>\n\n\n\n<p>Na voljo smo vam na naslednjih kontaktnih naslovih:<\/p>\n\n\n\n<p>WBE Gummiketten Weiss GmbH<\/p>\n\n\n\n<p><a href=\"mailto:office@weiss-wbe.com\">office@weiss-wbe.com<\/a><\/p>\n\n\n\n<p><a href=\"tel:43720578888\">+43 720 578888<\/a><\/p>","protected":false},"excerpt":{"rendered":"<p>1. Allgemeines F\u00fcr alle von uns ausgef\u00fchrten Lieferungen und Leistungen gelten nachstehende Verkaufs- und Lieferbedingungen. Wir weisen darauf hin, dass ein Vertragsabschluss f\u00fcr uns nur zu diesen Bedingungen m\u00f6glich ist. Einkaufsbedingungen des Auftraggebers haben f\u00fcr uns keine verpflichtende Wirkung. Alle angef\u00fchrten Teile, Namen, Referenznummern, Symbole und Beschreibungen sind nur zu Referenzzwecken angegeben. Damit soll nicht &hellip;<\/p>","protected":false},"author":1,"featured_media":0,"parent":0,"menu_order":0,"comment_status":"closed","ping_status":"closed","template":"","meta":{"_acf_changed":false,"footnotes":""},"class_list":["post-455","page","type-page","status-publish","hentry"],"acf":[],"_links":{"self":[{"href":"https:\/\/gummikette.at\/sl\/wp-json\/wp\/v2\/pages\/455","targetHints":{"allow":["GET"]}}],"collection":[{"href":"https:\/\/gummikette.at\/sl\/wp-json\/wp\/v2\/pages"}],"about":[{"href":"https:\/\/gummikette.at\/sl\/wp-json\/wp\/v2\/types\/page"}],"author":[{"embeddable":true,"href":"https:\/\/gummikette.at\/sl\/wp-json\/wp\/v2\/users\/1"}],"replies":[{"embeddable":true,"href":"https:\/\/gummikette.at\/sl\/wp-json\/wp\/v2\/comments?post=455"}],"version-history":[{"count":7,"href":"https:\/\/gummikette.at\/sl\/wp-json\/wp\/v2\/pages\/455\/revisions"}],"predecessor-version":[{"id":763,"href":"https:\/\/gummikette.at\/sl\/wp-json\/wp\/v2\/pages\/455\/revisions\/763"}],"wp:attachment":[{"href":"https:\/\/gummikette.at\/sl\/wp-json\/wp\/v2\/media?parent=455"}],"curies":[{"name":"wp","href":"https:\/\/api.w.org\/{rel}","templated":true}]}}